{"id":1623,"date":"2022-06-21T01:20:53","date_gmt":"2022-06-20T23:20:53","guid":{"rendered":"https:\/\/qista\/labs\/mosquito-the-global-enemy\/"},"modified":"2022-08-18T11:31:25","modified_gmt":"2022-08-18T09:31:25","slug":"mosquito-global-enemy","status":"publish","type":"page","link":"https:\/\/lab.qista.com\/en\/mosquito-global-enemy\/","title":{"rendered":"Mosquito: The Global Enemy"},"content":{"rendered":"<div class=\"gb-container gb-container-3daca34b\"><div class=\"gb-inside-container\">\n\n<div style=\"height:50px\" aria-hidden=\"true\" class=\"wp-block-spacer\"><\/div>\n\n\n\n<h1 class=\"alignwide wp-block-heading\">Mosquito: The Global Enemy<\/h1>\n\n\n\n<p class=\"lead has-text-color\" style=\"color:#df6f46\"><em>Mosquitoes, and particularly tiger mosquitoes<\/em>(<a href=\"https:\/\/fr.wikipedia.org\/wiki\/Aedes_albopictus\" target=\"_blank\" rel=\"noreferrer noopener\">Aedes Albopictus<\/a>), <em>spread more diseases than any other animal on the planet.<\/em><\/p>\n\n\n<div class=\"gb-grid-wrapper gb-grid-wrapper-28447591\">\n<div class=\"gb-grid-column gb-grid-column-a087cf05\"><div class=\"gb-container gb-container-a087cf05\"><div class=\"gb-inside-container\">\n\n<figure class=\"wp-block-image size-large\"><img loading=\"lazy\" decoding=\"async\" width=\"1024\" height=\"667\" src=\"https:\/\/lab.qista.com\/wp-content\/uploads\/sites\/2\/2022\/06\/mosquito-gde06f2377_1920-1024x667.jpg\" alt=\"\" class=\"wp-image-1581\" srcset=\"https:\/\/lab.qista.com\/wp-content\/uploads\/sites\/2\/2022\/06\/mosquito-gde06f2377_1920-1024x667.jpg 1024w, https:\/\/lab.qista.com\/wp-content\/uploads\/sites\/2\/2022\/06\/mosquito-gde06f2377_1920-300x195.jpg 300w, https:\/\/lab.qista.com\/wp-content\/uploads\/sites\/2\/2022\/06\/mosquito-gde06f2377_1920-768x500.jpg 768w, https:\/\/lab.qista.com\/wp-content\/uploads\/sites\/2\/2022\/06\/mosquito-gde06f2377_1920-1536x1001.jpg 1536w, https:\/\/lab.qista.com\/wp-content\/uploads\/sites\/2\/2022\/06\/mosquito-gde06f2377_1920.jpg 1920w\" sizes=\"auto, (max-width: 1024px) 100vw, 1024px\" \/><\/figure>\n\n<\/div><\/div><\/div>\n\n<div class=\"gb-grid-column gb-grid-column-376aa32e\"><div class=\"gb-container gb-container-376aa32e\"><div class=\"gb-inside-container\">\n\n<p>All health foundations and bodies have mosquitoes in their sights. And with good reason! The diseases they spread are found in more than 2\/3 of countries around the world and are the cause of serious deadly epidemics with significant economic consequences. <br>It is essential to limit epidemic crises in a sustainable and extended manner. <strong>Temporary solutions<\/strong> (fumigation, mosquito nets, repellents, etc.)<strong> are and will no longer be enough. <br><\/strong>Despite WHO recommendations and control programmes rolled out across 5 continents, mosquitoes continue to proliferate and are becoming increasingly resistant to the insecticides used. <br><strong>Breaking the reproduction cycle by only catching female mosquitoes,<\/strong> Qista is taking an innovative approach to mosquitcontrol by combining protection from vector-borne risks for humans and protection for ecosystems. <\/p>\n\n<\/div><\/div><\/div>\n<\/div>\n\n\n<p class=\"lead has-text-color\" style=\"color:#df6f46\"><a href=\"https:\/\/lab.qista.coms\/en\/services-goals\/\">Find out more about the different stages in Qista\u2019s environmentally-friendly mosquito solution<\/a><\/p>\n\n\n\n<h2 class=\"alignwide wp-block-heading\">MALARIA: DISCONNECT BETWEEN THE NUMBER OF INFECTIONS AND THE NUMBER OF DEATHS<\/h2>\n\n\n\n<p class=\"lead has-text-color\" style=\"color:#d46f46\"><em>In 2019, the World Health Organisation (WHO) recorded 229 million cases of malaria, 94% of which were in the Africa region. Malaria kills a child under 5 every two minutes (<\/em><a href=\"https:\/\/www.who.int\/fr\/news-room\/facts-in-pictures\/detail\/malaria\"><em>Source WHO 2019<\/em><\/a><em>).<\/em><\/p>\n\n\n\n<p>This vector-borne disease is worrying. At the beginning of this millennium, the authorities began rolling out effective health policies to reduce the number of deaths due to malaria. However, over the last few years the number of deaths has tended to stall despite those efforts. Concerns about malaria are intensifying because malaria is continuing to advance in some countries. Les pr\u00e9occupations li\u00e9es au paludisme s\u2019accentuent puisque le paludisme ne cesse de progresser dans certains pays.<\/p>\n\n\n\n<figure class=\"wp-block-image size-large\"><img loading=\"lazy\" decoding=\"async\" width=\"1024\" height=\"588\" src=\"https:\/\/lab.qista.com\/wp-content\/uploads\/sites\/2\/2022\/06\/Disjonction_CAS_NBRMORT-1024x588.png\" alt=\"\" class=\"wp-image-1583\" srcset=\"https:\/\/lab.qista.com\/wp-content\/uploads\/sites\/2\/2022\/06\/Disjonction_CAS_NBRMORT-1024x588.png 1024w, https:\/\/lab.qista.com\/wp-content\/uploads\/sites\/2\/2022\/06\/Disjonction_CAS_NBRMORT-300x172.png 300w, https:\/\/lab.qista.com\/wp-content\/uploads\/sites\/2\/2022\/06\/Disjonction_CAS_NBRMORT-768x441.png 768w, https:\/\/lab.qista.com\/wp-content\/uploads\/sites\/2\/2022\/06\/Disjonction_CAS_NBRMORT-1536x882.png 1536w, https:\/\/lab.qista.com\/wp-content\/uploads\/sites\/2\/2022\/06\/Disjonction_CAS_NBRMORT.png 1706w\" sizes=\"auto, (max-width: 1024px) 100vw, 1024px\" \/><figcaption><em>Dichotomy between the number of cases and the number of deaths<\/em><\/figcaption><\/figure>\n\n\n\n<p>The increase in malaria cases could be explained by a host of factors, including global warming and urbanisation which encourage the proliferation of mosquitoes. Not to mention the resistance mosquitoes have to insecticides which is seriously impairing the work countries are doing to prevent malaria and other vector-borne diseases. Not to mention the resistance mosquitoes have to insecticides which is seriously impairing the work countries are doing to prevent malaria and other vector-borne diseases.<\/p>\n\n\n\n<div style=\"height:50px\" aria-hidden=\"true\" class=\"wp-block-spacer\"><\/div>\n\n\n\n<h2 class=\"wp-block-heading\">CLIMATE CHANGE AND TIGER MOSQUITOES &#8211; WHAT\u2019S THE LINK?<\/h2>\n\n\n\n<p class=\"lead has-text-color\" style=\"color:#d46f46\"><em>Global warming causes significant changes to temperature, precipitation and humidity three factors which have a significant impact on the life cycle of mosquitoes and the diseases they spread.<\/em><\/p>\n\n\n<div class=\"gb-grid-wrapper gb-grid-wrapper-a06b4665\">\n<div class=\"gb-grid-column gb-grid-column-febe481c\"><div class=\"gb-container gb-container-febe481c\"><div class=\"gb-inside-container\">\n\n<p>Encouraged by global warming, the distribution range of mosquitoes is growing larger every year. It\u2019s hardly surprising. An increase in temperatures accelerates the mosquito&#8217;s development cycle: between 20 and 25\u00b0C, the cycle extends to between 6 and 10 days. At 28\u00b0C, it is only 6 days.<\/p>\n\n\n\n<p>And the impact of climate change does not end there. The extrinsic incubation period of pathogens varies depending on the temperature. The speed with which a virus replicates within the insect can therefore be accelerated because of the temperature. Mosquitoes would be able to spread diseases more quickly.<\/p>\n\n<\/div><\/div><\/div>\n\n<div class=\"gb-grid-column gb-grid-column-27b6016a\"><div class=\"gb-container gb-container-27b6016a\"><div class=\"gb-inside-container\">\n\n<figure class=\"wp-block-image size-large\"><img loading=\"lazy\" decoding=\"async\" width=\"1024\" height=\"679\" src=\"https:\/\/lab.qista.com\/wp-content\/uploads\/sites\/2\/2022\/06\/drought-ga3c606fe9_1920-1024x679.jpg\" alt=\"\" class=\"wp-image-1585\" srcset=\"https:\/\/lab.qista.com\/wp-content\/uploads\/sites\/2\/2022\/06\/drought-ga3c606fe9_1920-1024x679.jpg 1024w, https:\/\/lab.qista.com\/wp-content\/uploads\/sites\/2\/2022\/06\/drought-ga3c606fe9_1920-300x199.jpg 300w, https:\/\/lab.qista.com\/wp-content\/uploads\/sites\/2\/2022\/06\/drought-ga3c606fe9_1920-768x510.jpg 768w, https:\/\/lab.qista.com\/wp-content\/uploads\/sites\/2\/2022\/06\/drought-ga3c606fe9_1920-1536x1019.jpg 1536w, https:\/\/lab.qista.com\/wp-content\/uploads\/sites\/2\/2022\/06\/drought-ga3c606fe9_1920.jpg 1920w\" sizes=\"auto, (max-width: 1024px) 100vw, 1024px\" \/><\/figure>\n\n<\/div><\/div><\/div>\n<\/div>\n\n\n<blockquote class=\"wp-block-quote has-text-align-center is-layout-flow wp-block-quote-is-layout-flow\"><p><\/p><p><em>\u00ab L\u2019augmentation de temp\u00e9rature va acc\u00e9l\u00e9rer le m\u00e9tabolisme des moustiques et donc des virus dont ils sont les h\u00f4tes. Avec une augmentation de 10\u00b0C, on observe une multiplication par 10 de l\u2019acc\u00e9l\u00e9ration du cycle \u00bb<\/em><\/p><cite><em>Anna-Bella Failloux,<\/em><br><em>entomologist specialising in vector mosquitoes at the Institut Pasteur.<\/em><\/cite><\/blockquote>\n\n\n\n<h2 class=\"wp-block-heading\">URBANISATION: A FACTOR IN THE PROLIFERATION OF MOSQUITOES<\/h2>\n\n\n\n<p class=\"lead has-text-color\" style=\"color:#d46f46\"><em>The climate is not the only factor responsible for the proliferation of mosquitoes. Human activity also plays a significant role.<\/em><\/p>\n\n\n<div class=\"gb-grid-wrapper gb-grid-wrapper-fa8ad492\">\n<div class=\"gb-grid-column gb-grid-column-a06aab1e\"><div class=\"gb-container gb-container-a06aab1e\"><div class=\"gb-inside-container\">\n\n<figure class=\"wp-block-image size-large\"><img loading=\"lazy\" decoding=\"async\" width=\"1024\" height=\"576\" src=\"https:\/\/lab.qista.com\/wp-content\/uploads\/sites\/2\/2022\/06\/20180615_143651_optimized-1024x576.jpg\" alt=\"\" class=\"wp-image-1587\" srcset=\"https:\/\/lab.qista.com\/wp-content\/uploads\/sites\/2\/2022\/06\/20180615_143651_optimized-1024x576.jpg 1024w, https:\/\/lab.qista.com\/wp-content\/uploads\/sites\/2\/2022\/06\/20180615_143651_optimized-300x169.jpg 300w, https:\/\/lab.qista.com\/wp-content\/uploads\/sites\/2\/2022\/06\/20180615_143651_optimized-768x432.jpg 768w, https:\/\/lab.qista.com\/wp-content\/uploads\/sites\/2\/2022\/06\/20180615_143651_optimized-1536x864.jpg 1536w, https:\/\/lab.qista.com\/wp-content\/uploads\/sites\/2\/2022\/06\/20180615_143651_optimized-2048x1152.jpg 2048w\" sizes=\"auto, (max-width: 1024px) 100vw, 1024px\" \/><\/figure>\n\n<\/div><\/div><\/div>\n\n<div class=\"gb-grid-column gb-grid-column-ee02ba96\"><div class=\"gb-container gb-container-ee02ba96\"><div class=\"gb-inside-container\">\n\n<p>We now find tiger mosquitoes in the very heart of Paris as much as we do in a dry zone on the African continent. What do they have in common?<strong> The density of the population.<\/strong><\/p>\n\n\n\n<p>n urban areas, people have all kinds of containers which can hold water: flower pots, ponds, tools, cans, gutters, bins\u2026. These new artificial zones enable mosquitoes to<strong>lay their eggs in a humid area<\/strong> which favours their development. These are the ideal conditions for mosquitoes which find warm-blooded prey near these humid zones to develop their eggs.<\/p>\n\n\n\n<p>The tiger mosquito is essentially urban. Its anthropophilic nature (i.e. it prefers places inhabited by people) explains the fact that, once established in a village or a region, it is practically impossible to get rid of them. Currently, QISTA\u2019s mosquito traps are the only solution for controlling mosquitoes in urban areas which poses no risk to the resident population.<\/p>\n\n<\/div><\/div><\/div>\n<\/div>\n\n\n<div style=\"height:20px\" aria-hidden=\"true\" class=\"wp-block-spacer\"><\/div>\n\n\n\n<h2 class=\"wp-block-heading\">HOW CAN MOSQUITOES\u2019 RESISTANCE TO INSECTICIDES BE EXPLAINED?<\/h2>\n\n\n\n<p class=\"lead has-text-color\" style=\"color:#d46f46\"><em>Chikungunya, Dengue and Zika are vector-borne diseases spread by mosquitoes. Insecticides have long been used in vector control and have prevented a number of epidemics.<\/em><\/p>\n\n\n<div class=\"gb-grid-wrapper gb-grid-wrapper-b9860ce7\">\n<div class=\"gb-grid-column gb-grid-column-97bfa43b\"><div class=\"gb-container gb-container-97bfa43b\"><div class=\"gb-inside-container\">\n\n<p>However, their repeated use over more than 40 years has now generated adaptation phenomena among mosquitoes. The WHO has issued alerts about the resistance of these vectors which constitutes a major obstacle to vector control. With their incredible intelligence, mosquitoes are adapting to the use of insecticides. They can exercise behavioural resistance enabling them to avoid or limit contact with any areas treated with insecticides. Their resistance is also physiological and includes:<\/p>\n\n\n\n<ul class=\"arrow-list with-dots wp-block-list\"><li>Cuticle resistance: A mosquito&#8217;s resistant cuticle is thicker to respond to the intensive use of insecticides. As a result, penetration of the insecticide is reduced or slowed.<\/li><li>Metabolic resistance: Resistant mosquitoes have increased their production of a detoxifying enzyme enabling them to eliminate the insecticide.<\/li><li>Resistance through modification of target sites: mosquitoes are developing one or several genes which modify the receptors targeted by insecticides (nervous system, digestive system\u2026). This mutation protects mosquitoes from the biocide effects of insecticides.<\/li><\/ul>\n\n\n\n<p>These hereditary forms of resistance lead to new generations of mosquitoes which can adapt to and better resist the spreading of insecticides. <\/p>\n\n<\/div><\/div><\/div>\n\n<div class=\"gb-grid-column gb-grid-column-b977c276\"><div class=\"gb-container gb-container-b977c276\"><div class=\"gb-inside-container\">\n\n<figure class=\"wp-block-image size-full\"><img loading=\"lazy\" decoding=\"async\" width=\"897\" height=\"603\" src=\"https:\/\/lab.qista.com\/wp-content\/uploads\/sites\/2\/2022\/06\/label_enjeu-mondial.jpg\" alt=\"\" class=\"wp-image-1589\" srcset=\"https:\/\/lab.qista.com\/wp-content\/uploads\/sites\/2\/2022\/06\/label_enjeu-mondial.jpg 897w, https:\/\/lab.qista.com\/wp-content\/uploads\/sites\/2\/2022\/06\/label_enjeu-mondial-300x202.jpg 300w, https:\/\/lab.qista.com\/wp-content\/uploads\/sites\/2\/2022\/06\/label_enjeu-mondial-768x516.jpg 768w\" sizes=\"auto, (max-width: 897px) 100vw, 897px\" \/><\/figure>\n\n<\/div><\/div><\/div>\n<\/div>\n\n<div class=\"gb-button-wrapper gb-button-wrapper-d01d62d8\">\n\n<a class=\"gb-button gb-button-71868edb gb-button-text with-arrow\" href=\"https:\/\/lab.qista.com\/recherche-technologies\">La recherche QistaLab<\/a>\n\n<\/div>\n\n\n<div style=\"height:100px\" aria-hidden=\"true\" class=\"wp-block-spacer\"><\/div>\n\n<\/div><\/div>","protected":false},"excerpt":{"rendered":"<p>Mosquito: The Global Enemy Mosquitoes, and particularly tiger mosquitoes(Aedes Albopictus), spread more diseases than any other animal on the planet. Find out more about the different stages in Qista\u2019s environmentally-friendly mosquito solution MALARIA: DISCONNECT BETWEEN THE NUMBER OF INFECTIONS &#8230; <a title=\"Mosquito: The Global Enemy\" class=\"read-more\" href=\"https:\/\/lab.qista.com\/en\/mosquito-global-enemy\/\" aria-label=\"More on Mosquito: The Global Enemy\">En savoir plus \u00bb<\/a><\/p>\n","protected":false},"author":1,"featured_media":0,"parent":0,"menu_order":0,"comment_status":"closed","ping_status":"closed","template":"","meta":{"inline_featured_image":false,"footnotes":""},"class_list":["post-1623","page","type-page","status-publish"],"yoast_head":"<!-- This site is optimized with the Yoast SEO plugin v25.3 - https:\/\/yoast.com\/wordpress\/plugins\/seo\/ -->\n<title>Mosquito: The Global Enemy - Qista Lab<\/title>\n<meta name=\"description\" content=\"Mosquitoes spread more diseases than any other animal on the planet. Encouraged by global warming, the distribution range of mosquitoes is growing larger every year\" \/>\n<meta name=\"robots\" content=\"index, follow, max-snippet:-1, max-image-preview:large, max-video-preview:-1\" \/>\n<link rel=\"canonical\" href=\"https:\/\/lab.qista.com\/en\/mosquito-global-enemy\/\" \/>\n<meta property=\"og:locale\" content=\"en_US\" \/>\n<meta property=\"og:type\" content=\"article\" \/>\n<meta property=\"og:title\" content=\"Mosquito: The Global Enemy - Qista Lab\" \/>\n<meta property=\"og:description\" content=\"Mosquitoes spread more diseases than any other animal on the planet. Encouraged by global warming, the distribution range of mosquitoes is growing larger every year\" \/>\n<meta property=\"og:url\" content=\"https:\/\/lab.qista.com\/en\/mosquito-global-enemy\/\" \/>\n<meta property=\"og:site_name\" content=\"Qista Lab\" \/>\n<meta property=\"article:modified_time\" content=\"2022-08-18T09:31:25+00:00\" \/>\n<meta property=\"og:image\" content=\"https:\/\/lab.qista.com\/wp-content\/uploads\/sites\/2\/2022\/06\/mosquito-gde06f2377_1920-1024x667.jpg\" \/>\n<meta name=\"twitter:card\" content=\"summary_large_image\" \/>\n<meta name=\"twitter:label1\" content=\"Est. reading time\" \/>\n\t<meta name=\"twitter:data1\" content=\"6 minutes\" \/>\n<script type=\"application\/ld+json\" class=\"yoast-schema-graph\">{\"@context\":\"https:\/\/schema.org\",\"@graph\":[{\"@type\":\"WebPage\",\"@id\":\"https:\/\/lab.qista.com\/en\/mosquito-global-enemy\/\",\"url\":\"https:\/\/lab.qista.com\/en\/mosquito-global-enemy\/\",\"name\":\"Mosquito: The Global Enemy - Qista Lab\",\"isPartOf\":{\"@id\":\"https:\/\/lab.qista.com\/#website\"},\"primaryImageOfPage\":{\"@id\":\"https:\/\/lab.qista.com\/en\/mosquito-global-enemy\/#primaryimage\"},\"image\":{\"@id\":\"https:\/\/lab.qista.com\/en\/mosquito-global-enemy\/#primaryimage\"},\"thumbnailUrl\":\"https:\/\/lab.qista.com\/wp-content\/uploads\/sites\/2\/2022\/06\/mosquito-gde06f2377_1920-1024x667.jpg\",\"datePublished\":\"2022-06-20T23:20:53+00:00\",\"dateModified\":\"2022-08-18T09:31:25+00:00\",\"description\":\"Mosquitoes spread more diseases than any other animal on the planet. Encouraged by global warming, the distribution range of mosquitoes is growing larger every year\",\"breadcrumb\":{\"@id\":\"https:\/\/lab.qista.com\/en\/mosquito-global-enemy\/#breadcrumb\"},\"inLanguage\":\"en-US\",\"potentialAction\":[{\"@type\":\"ReadAction\",\"target\":[\"https:\/\/lab.qista.com\/en\/mosquito-global-enemy\/\"]}]},{\"@type\":\"ImageObject\",\"inLanguage\":\"en-US\",\"@id\":\"https:\/\/lab.qista.com\/en\/mosquito-global-enemy\/#primaryimage\",\"url\":\"https:\/\/lab.qista.com\/wp-content\/uploads\/sites\/2\/2022\/06\/mosquito-gde06f2377_1920-1024x667.jpg\",\"contentUrl\":\"https:\/\/lab.qista.com\/wp-content\/uploads\/sites\/2\/2022\/06\/mosquito-gde06f2377_1920-1024x667.jpg\"},{\"@type\":\"BreadcrumbList\",\"@id\":\"https:\/\/lab.qista.com\/en\/mosquito-global-enemy\/#breadcrumb\",\"itemListElement\":[{\"@type\":\"ListItem\",\"position\":1,\"name\":\"Accueil\",\"item\":\"https:\/\/lab.qista.com\/en\/\"},{\"@type\":\"ListItem\",\"position\":2,\"name\":\"Mosquito: The Global Enemy\"}]},{\"@type\":\"WebSite\",\"@id\":\"https:\/\/lab.qista.com\/#website\",\"url\":\"https:\/\/lab.qista.com\/\",\"name\":\"Qista Lab\",\"description\":\"\",\"potentialAction\":[{\"@type\":\"SearchAction\",\"target\":{\"@type\":\"EntryPoint\",\"urlTemplate\":\"https:\/\/lab.qista.com\/?s={search_term_string}\"},\"query-input\":{\"@type\":\"PropertyValueSpecification\",\"valueRequired\":true,\"valueName\":\"search_term_string\"}}],\"inLanguage\":\"en-US\"}]}<\/script>\n<!-- \/ Yoast SEO plugin. -->","yoast_head_json":{"title":"Mosquito: The Global Enemy - Qista Lab","description":"Mosquitoes spread more diseases than any other animal on the planet. Encouraged by global warming, the distribution range of mosquitoes is growing larger every year","robots":{"index":"index","follow":"follow","max-snippet":"max-snippet:-1","max-image-preview":"max-image-preview:large","max-video-preview":"max-video-preview:-1"},"canonical":"https:\/\/lab.qista.com\/en\/mosquito-global-enemy\/","og_locale":"en_US","og_type":"article","og_title":"Mosquito: The Global Enemy - Qista Lab","og_description":"Mosquitoes spread more diseases than any other animal on the planet. Encouraged by global warming, the distribution range of mosquitoes is growing larger every year","og_url":"https:\/\/lab.qista.com\/en\/mosquito-global-enemy\/","og_site_name":"Qista Lab","article_modified_time":"2022-08-18T09:31:25+00:00","og_image":[{"url":"https:\/\/lab.qista.com\/wp-content\/uploads\/sites\/2\/2022\/06\/mosquito-gde06f2377_1920-1024x667.jpg","type":"","width":"","height":""}],"twitter_card":"summary_large_image","twitter_misc":{"Est. reading time":"6 minutes"},"schema":{"@context":"https:\/\/schema.org","@graph":[{"@type":"WebPage","@id":"https:\/\/lab.qista.com\/en\/mosquito-global-enemy\/","url":"https:\/\/lab.qista.com\/en\/mosquito-global-enemy\/","name":"Mosquito: The Global Enemy - Qista Lab","isPartOf":{"@id":"https:\/\/lab.qista.com\/#website"},"primaryImageOfPage":{"@id":"https:\/\/lab.qista.com\/en\/mosquito-global-enemy\/#primaryimage"},"image":{"@id":"https:\/\/lab.qista.com\/en\/mosquito-global-enemy\/#primaryimage"},"thumbnailUrl":"https:\/\/lab.qista.com\/wp-content\/uploads\/sites\/2\/2022\/06\/mosquito-gde06f2377_1920-1024x667.jpg","datePublished":"2022-06-20T23:20:53+00:00","dateModified":"2022-08-18T09:31:25+00:00","description":"Mosquitoes spread more diseases than any other animal on the planet. Encouraged by global warming, the distribution range of mosquitoes is growing larger every year","breadcrumb":{"@id":"https:\/\/lab.qista.com\/en\/mosquito-global-enemy\/#breadcrumb"},"inLanguage":"en-US","potentialAction":[{"@type":"ReadAction","target":["https:\/\/lab.qista.com\/en\/mosquito-global-enemy\/"]}]},{"@type":"ImageObject","inLanguage":"en-US","@id":"https:\/\/lab.qista.com\/en\/mosquito-global-enemy\/#primaryimage","url":"https:\/\/lab.qista.com\/wp-content\/uploads\/sites\/2\/2022\/06\/mosquito-gde06f2377_1920-1024x667.jpg","contentUrl":"https:\/\/lab.qista.com\/wp-content\/uploads\/sites\/2\/2022\/06\/mosquito-gde06f2377_1920-1024x667.jpg"},{"@type":"BreadcrumbList","@id":"https:\/\/lab.qista.com\/en\/mosquito-global-enemy\/#breadcrumb","itemListElement":[{"@type":"ListItem","position":1,"name":"Accueil","item":"https:\/\/lab.qista.com\/en\/"},{"@type":"ListItem","position":2,"name":"Mosquito: The Global Enemy"}]},{"@type":"WebSite","@id":"https:\/\/lab.qista.com\/#website","url":"https:\/\/lab.qista.com\/","name":"Qista Lab","description":"","potentialAction":[{"@type":"SearchAction","target":{"@type":"EntryPoint","urlTemplate":"https:\/\/lab.qista.com\/?s={search_term_string}"},"query-input":{"@type":"PropertyValueSpecification","valueRequired":true,"valueName":"search_term_string"}}],"inLanguage":"en-US"}]}},"acf":[],"_links":{"self":[{"href":"https:\/\/lab.qista.com\/en\/wp-json\/wp\/v2\/pages\/1623","targetHints":{"allow":["GET"]}}],"collection":[{"href":"https:\/\/lab.qista.com\/en\/wp-json\/wp\/v2\/pages"}],"about":[{"href":"https:\/\/lab.qista.com\/en\/wp-json\/wp\/v2\/types\/page"}],"author":[{"embeddable":true,"href":"https:\/\/lab.qista.com\/en\/wp-json\/wp\/v2\/users\/1"}],"replies":[{"embeddable":true,"href":"https:\/\/lab.qista.com\/en\/wp-json\/wp\/v2\/comments?post=1623"}],"version-history":[{"count":19,"href":"https:\/\/lab.qista.com\/en\/wp-json\/wp\/v2\/pages\/1623\/revisions"}],"predecessor-version":[{"id":1718,"href":"https:\/\/lab.qista.com\/en\/wp-json\/wp\/v2\/pages\/1623\/revisions\/1718"}],"wp:attachment":[{"href":"https:\/\/lab.qista.com\/en\/wp-json\/wp\/v2\/media?parent=1623"}],"curies":[{"name":"wp","href":"https:\/\/api.w.org\/{rel}","templated":true}]}}