{"id":1094,"date":"2022-03-31T15:58:50","date_gmt":"2022-03-31T13:58:50","guid":{"rendered":"https:\/\/qista.com\/lab\/research-technology\/"},"modified":"2022-06-23T13:54:25","modified_gmt":"2022-06-23T11:54:25","slug":"research-and-technology","status":"publish","type":"page","link":"https:\/\/lab.qista.com\/en\/research-and-technology\/","title":{"rendered":"Research &amp; Technology"},"content":{"rendered":"<div class=\"gb-container gb-container-f3bb66d0 with-bg-cover with-skew\"><div class=\"gb-inside-container\">\n<div class=\"gb-grid-wrapper gb-grid-wrapper-d1200e02\">\n<div class=\"gb-grid-column gb-grid-column-31ce74c1\"><div class=\"gb-container gb-container-31ce74c1 skewed\"><div class=\"gb-inside-container\">\n\n<div class=\"wp-block-group\"><div class=\"wp-block-group__inner-container is-layout-flow wp-block-group-is-layout-flow\">\n<h1 class=\"wp-block-heading\">Research &amp; technology<\/h1>\n\n\n\n<h2 class=\"wp-block-heading\">With its innovative big data analysis, the only one of its kind in the world, Qista is committed to a new type of preventive healthcare: predictive mosquito control.<\/h2>\n\n\n\n<p>Going beyond effective and environmentally friendly mosquito control, Qista Lab also aims to use its <strong>technology for preventive healthcare.<\/strong> To this end, the Qista R&amp;D teams are in high gear and always pushing their research further. Even though some works are not disclosed, the business communicates its research processes all the same.<\/p>\n<\/div><\/div>\n\n<\/div><\/div><\/div>\n<\/div>\n<\/div><\/div>\n\n<div class=\"gb-container gb-container-8de847ae merged with-shadow merged-bottom-padding \"><div class=\"gb-inside-container\">\n<div class=\"gb-grid-wrapper gb-grid-wrapper-ae73feaa\">\n<div class=\"gb-grid-column gb-grid-column-e1162f33\"><div class=\"gb-container gb-container-e1162f33 with-image\"><div class=\"gb-inside-container\">\n\n<div class=\"wp-block-group lab-recherches-techno-img\"><div class=\"wp-block-group__inner-container is-layout-flow wp-block-group-is-layout-flow\">\n<div class=\"wp-block-image\"><figure class=\"aligncenter size-full\"><img decoding=\"async\" src=\"https:\/\/lab.qista.com\/wp-content\/uploads\/sites\/2\/2022\/04\/icons-technologies-embarquees.png\" alt=\"\" class=\"wp-image-225\"\/><\/figure><\/div>\n<\/div><\/div>\n\n<\/div><\/div><\/div>\n\n<div class=\"gb-grid-column gb-grid-column-db8c55d1\"><div class=\"gb-container gb-container-db8c55d1 with-text\"><div class=\"gb-inside-container\">\n\n<div class=\"wp-block-group with-centred-txt\"><div class=\"wp-block-group__inner-container is-layout-flow wp-block-group-is-layout-flow\">\n<p class=\"block-title\">Embedded technology<\/p>\n\n\n\n<p class=\"lead has-accent-color has-text-color\">The Qista mosquito repellent solution has embedded technology that collects various data as well as performing its mosquito control action.<\/p>\n\n\n\n<p>The Qista trap is equipped with <strong>monitoring tools that can provide a real time status report:<\/strong><\/p>\n\n\n\n<ul class=\"arrow-list with-dots wp-block-list\"><li><strong>Mosquito counter<\/strong>: find out the amount captured<\/li><li><strong>Identification lens<\/strong>: know the different species captured and the amount<\/li><li><strong>Environmental sensors<\/strong> (ozone, pollen, fine particles, etc.) : installed and operable as needed<\/li><li><strong>Weather sensors<\/strong>: anticipate potential spikes in proliferation<\/li><li><strong>G\u00e9olocalisation<\/strong> : rattacher toutes les donn\u00e9es collect\u00e9es \u00e0 un point g\u00e9ographique pr\u00e9cis<\/li><li><strong>Connectivit\u00e9 <\/strong>: transmettre les donn\u00e9es, remonter les informations en temps r\u00e9el et piloter les bornes \u00e0 distance<\/li><\/ul>\n<\/div><\/div>\n\n<\/div><\/div><\/div>\n<\/div>\n<\/div><\/div>\n\n<div class=\"gb-container gb-container-06dc95ee without-padding\"><div class=\"gb-inside-container\">\n<div class=\"gb-grid-wrapper gb-grid-wrapper-e8115844\">\n<div class=\"gb-grid-column gb-grid-column-62dac2c1\"><div class=\"gb-container gb-container-62dac2c1\"><div class=\"gb-inside-container\">\n\n<div class=\"wp-block-group lab-block-padding-left\"><div class=\"wp-block-group__inner-container is-layout-flow wp-block-group-is-layout-flow\">\n<p class=\"block-title\">Research technology<\/p>\n\n\n\n<h3 class=\"lead blue has-text-color wp-block-heading\" style=\"color:#1771bf\">Analysis of captured mosquitoes<\/h3>\n\n\n\n<p>To assess the risks of an epidemic spreading or simply take a health status report of areas covered by mosquito traps, the Qista laboratory identifies different species and detects the presence of virus and bacteria in the mosquitoes captured by the traps.<\/p>\n\n\n\n<p>The speed of the results means that the mosquito trap users can act with unprecedented responsiveness in the event of a spread of vector-borne diseases.<\/p>\n\n\n\n<h3 class=\"lead blue has-text-color wp-block-heading\" style=\"color:#1771bf\">Mosquito breeding<\/h3>\n\n\n\n<p>Pushing expertise and knowledge even further, the Qista laboratory has created its own breeding site for different species of mosquitoes to study their properties and behaviour.<\/p>\n\n\n\n<p>With the help of cages specifically for breeding insects and appropriate scientific equipment, this behavioural study allows Qista to observe the physiological properties of mosquitoes in different stages of life, from lay to adult.<\/p>\n<\/div><\/div>\n\n\n\n<div class=\"wp-block-group lab-block-padding-left bg-blue\"><div class=\"wp-block-group__inner-container is-layout-flow wp-block-group-is-layout-flow\">\n<h3 class=\"wp-block-heading\">Big Data<\/h3>\n\n\n\n<p>In response to the mosquito risk and spread of disease, Qista has implemented an analytical solution for the captured data sets. This big data processing does not currently exist on the market and performs predictive analysis over several years to prevent the spread of mosquito species and epidemic risks.<\/p>\n<\/div><\/div>\n\n<\/div><\/div><\/div>\n\n<div class=\"gb-grid-column gb-grid-column-d60839c9\"><div class=\"gb-container gb-container-d60839c9 with-filled-img\"><div class=\"gb-inside-container\">\n\n<div class=\"wp-block-group\"><div class=\"wp-block-group__inner-container is-layout-flow wp-block-group-is-layout-flow\">\n<figure class=\"wp-block-image size-full\"><img decoding=\"async\" src=\"https:\/\/lab.qista.com\/wp-content\/uploads\/sites\/2\/2022\/04\/Solution-Qista.jpg\" alt=\"\" class=\"wp-image-329\"\/><\/figure>\n<\/div><\/div>\n\n<\/div><\/div><\/div>\n<\/div>\n<\/div><\/div>\n\n<div class=\"gb-container gb-container-cc18bc45 block-large-padding\"><div class=\"gb-inside-container\">\n<div class=\"gb-grid-wrapper gb-grid-wrapper-bd0536b0\">\n<div class=\"gb-grid-column gb-grid-column-112710ae\"><div class=\"gb-container gb-container-112710ae\"><div class=\"gb-inside-container\">\n\n<div class=\"wp-block-group\"><div class=\"wp-block-group__inner-container is-layout-flow wp-block-group-is-layout-flow\">\n<h2 class=\"has-text-align-center wp-block-heading\" style=\"text-transform:uppercase\">The BAM: technology for every requirement<\/h2>\n\n\n\n<p class=\"has-text-align-center with-centred-txt long\">Even though the technology and monitoring tools are identical in each trap, there are 3 models to meet different expectations.<\/p>\n<\/div><\/div>\n\n<\/div><\/div><\/div>\n<\/div>\n<\/div><\/div>\n\n<div class=\"gb-container gb-container-b9cd058b without-padding\"><div class=\"gb-inside-container\">\n<div class=\"gb-grid-wrapper gb-grid-wrapper-d9afe4e8 lab-products-wrapper\">\n<div class=\"gb-grid-column gb-grid-column-2c83f3cc\"><div class=\"gb-container gb-container-2c83f3cc\"><div class=\"gb-inside-container\">\n\n<div class=\"wp-block-group block-no-padding\"><div class=\"wp-block-group__inner-container is-layout-flow wp-block-group-is-layout-flow\">\n<div class=\"wp-block-columns is-layout-flex wp-container-core-columns-is-layout-9d6595d7 wp-block-columns-is-layout-flex\">\n<div class=\"wp-block-column lab-product-image is-layout-flow wp-block-column-is-layout-flow\">\n<figure class=\"wp-block-image size-full\"><img decoding=\"async\" src=\"https:\/\/lab.qista.com\/wp-content\/uploads\/sites\/2\/2022\/04\/smartbam_particulier.png\" alt=\"\" class=\"wp-image-230\"\/><\/figure>\n<\/div>\n\n\n\n<div class=\"wp-block-column lab-product-text is-layout-flow wp-block-column-is-layout-flow\">\n<h3 class=\"wp-block-heading\">Smart BAM<\/h3>\n\n\n\n<p>Mostly aimed at individuals and small tourist organisations, this trap fits perfectly in a garden or private park.<\/p>\n\n\n<div class=\"gb-button-wrapper gb-button-wrapper-d72b9557\">\n\n<a class=\"gb-button gb-button-11ccc4c9 gb-button-text with-arrow\" href=\"https:\/\/qista.com\/en\/smart-bam.html\">D\u00e9couvrir<\/a>\n\n<\/div><\/div>\n<\/div>\n<\/div><\/div>\n\n<\/div><\/div><\/div>\n\n<div class=\"gb-grid-column gb-grid-column-03588c0f\"><div class=\"gb-container gb-container-03588c0f\"><div class=\"gb-inside-container\">\n\n<div class=\"wp-block-group block-no-padding\"><div class=\"wp-block-group__inner-container is-layout-flow wp-block-group-is-layout-flow\">\n<div class=\"wp-block-columns is-layout-flex wp-container-core-columns-is-layout-9d6595d7 wp-block-columns-is-layout-flex\">\n<div class=\"wp-block-column lab-product-image is-layout-flow wp-block-column-is-layout-flow\">\n<figure class=\"wp-block-image size-full\"><img decoding=\"async\" src=\"https:\/\/lab.qista.com\/wp-content\/uploads\/sites\/2\/2022\/04\/smartbam_urbaine_3.png\" alt=\"\" class=\"wp-image-231\"\/><\/figure>\n<\/div>\n\n\n\n<div class=\"wp-block-column lab-product-text is-layout-flow wp-block-column-is-layout-flow\">\n<h3 class=\"wp-block-heading\">Smart BAM urbaine<\/h3>\n\n\n\n<p>A professional version of the trap aimed at communities, groups, medium and large organisations. This anti-intrusion and anti-graffiti model is often installed in public areas.<\/p>\n\n\n<div class=\"gb-button-wrapper gb-button-wrapper-bdf77f28\">\n\n<a class=\"gb-button gb-button-3ba1e622 gb-button-text with-arrow\" href=\"https:\/\/qista.com\/en\/smart-bam-urbaine.html\">D\u00e9couvrir<\/a>\n\n<\/div><\/div>\n<\/div>\n<\/div><\/div>\n\n<\/div><\/div><\/div>\n\n<div class=\"gb-grid-column gb-grid-column-6d8ca2ee\"><div class=\"gb-container gb-container-6d8ca2ee\"><div class=\"gb-inside-container\">\n\n<div class=\"wp-block-group block-no-padding\"><div class=\"wp-block-group__inner-container is-layout-flow wp-block-group-is-layout-flow\">\n<div class=\"wp-block-columns is-layout-flex wp-container-core-columns-is-layout-9d6595d7 wp-block-columns-is-layout-flex\">\n<div class=\"wp-block-column lab-product-image is-layout-flow wp-block-column-is-layout-flow\">\n<figure class=\"wp-block-image size-full\"><img decoding=\"async\" src=\"https:\/\/lab.qista.com\/wp-content\/uploads\/sites\/2\/2022\/04\/light-bam.png\" alt=\"\" class=\"wp-image-571\"\/><\/figure>\n<\/div>\n\n\n\n<div class=\"wp-block-column lab-product-text is-layout-flow wp-block-column-is-layout-flow\">\n<h3 class=\"wp-block-heading\">Light BAM<\/h3>\n\n\n\n<p>Self-sustaining version of the smart BAM, this trap has the same equipment as well as a streetlight and a solar panel for electrical autonomy. The Light BAM is most often installed in more isolated public areas with no electricity supply.<\/p>\n<\/div>\n<\/div>\n<\/div><\/div>\n\n<\/div><\/div><\/div>\n<\/div>\n<\/div><\/div>\n\n<div class=\"gb-container gb-container-485b6e15 without-padding\"><div class=\"gb-inside-container\">\n<div class=\"gb-grid-wrapper gb-grid-wrapper-ae9a1cc6\">\n<div class=\"gb-grid-column gb-grid-column-baec3545\"><div class=\"gb-container gb-container-baec3545 with-filled-img\"><div class=\"gb-inside-container\">\n\n<div class=\"wp-block-group\"><div class=\"wp-block-group__inner-container is-layout-flow wp-block-group-is-layout-flow\">\n<figure class=\"wp-block-image size-large\"><img decoding=\"async\" src=\"https:\/\/lab.qista.com\/wp-content\/uploads\/sites\/2\/2022\/04\/moustique-peau-1024x682.jpg\" alt=\"\" class=\"wp-image-227\"\/><\/figure>\n<\/div><\/div>\n\n<\/div><\/div><\/div>\n\n<div class=\"gb-grid-column gb-grid-column-79f0b0af\"><div class=\"gb-container gb-container-79f0b0af half-text-padding block-large-padding\"><div class=\"gb-inside-container\">\n\n<div class=\"wp-block-group with-centred-txt\"><div class=\"wp-block-group__inner-container is-layout-flow wp-block-group-is-layout-flow\">\n<h2 class=\"wp-block-heading\" style=\"text-transform:uppercase\">Not just mosquitoes!<\/h2>\n\n\n\n<p>Ticks, bed bugs and fleas are real plagues and some of these insects are the cause of significant public health problems. Alongside their mosquito research, Qista researchers are carrying out studies on other insect species.<\/p>\n\n\n\n<p>This research aims to address once again the spread of these pests in an effective and environmentally friendly way.<\/p>\n<\/div><\/div>\n\n<\/div><\/div><\/div>\n<\/div>\n<\/div><\/div>\n\n<div class=\"gb-container gb-container-3997aef8 block-large-padding\"><div class=\"gb-inside-container\">\n<div class=\"gb-grid-wrapper gb-grid-wrapper-1afc28a9\">\n<div class=\"gb-grid-column gb-grid-column-b6145313\"><div class=\"gb-container gb-container-b6145313\"><div class=\"gb-inside-container\">\n\n<div class=\"wp-block-group\"><div class=\"wp-block-group__inner-container is-layout-flow wp-block-group-is-layout-flow\">\n<h2 class=\"has-text-align-center wp-block-heading\" style=\"text-transform:uppercase\">Nos experts<\/h2>\n<\/div><\/div>\n\n<\/div><\/div><\/div>\n<\/div>\n<\/div><\/div>\n\n<div class=\"gb-container gb-container-0b5fe480 block-experts\"><div class=\"gb-inside-container\">\n<div class=\"gb-grid-wrapper gb-grid-wrapper-f4136ff5 lab-expert-wrapper\">\n<div class=\"gb-grid-column gb-grid-column-83c30896\"><div class=\"gb-container gb-container-83c30896\"><div class=\"gb-inside-container\">\n\n<div class=\"wp-block-group block-no-padding\"><div class=\"wp-block-group__inner-container is-layout-flow wp-block-group-is-layout-flow\">\n<div class=\"wp-block-columns is-layout-flex wp-container-core-columns-is-layout-9d6595d7 wp-block-columns-is-layout-flex\">\n<div class=\"wp-block-column lab-expert-image is-layout-flow wp-block-column-is-layout-flow\">\n<figure class=\"wp-block-image size-full\"><img decoding=\"async\" src=\"https:\/\/lab.qista.com\/wp-content\/uploads\/sites\/2\/2022\/04\/icon-q.png\" alt=\"\" class=\"wp-image-213\"\/><\/figure>\n<\/div>\n\n\n\n<div class=\"wp-block-column lab-expert-text is-layout-flow wp-block-column-is-layout-flow\">\n<p class=\"lab-expert-title\">Doctor Hamza Leulmi<\/p>\n\n\n\n<p class=\"lead has-accent-color has-text-color\">Doctor in veterinary parasitology and vector-borne diseases<\/p>\n\n\n\n<p class=\"lead blue has-accent-color has-text-color\">Doctor in human pathology, infectious diseases branch<\/p>\n\n\n\n<p>With his dual specialisation and transversal skills, Dr Leulmi leads Qista\u2019s Entomology Department. He is also the Microbiology and Molecular Biology Project Manager.<\/p>\n<\/div>\n<\/div>\n<\/div><\/div>\n\n<\/div><\/div><\/div>\n\n<div class=\"gb-grid-column gb-grid-column-c5a8574e\"><div class=\"gb-container gb-container-c5a8574e\"><div class=\"gb-inside-container\">\n\n<div class=\"wp-block-group block-no-padding\"><div class=\"wp-block-group__inner-container is-layout-flow wp-block-group-is-layout-flow\">\n<div class=\"wp-block-columns is-layout-flex wp-container-core-columns-is-layout-9d6595d7 wp-block-columns-is-layout-flex\">\n<div class=\"wp-block-column lab-expert-image is-layout-flow wp-block-column-is-layout-flow\">\n<figure class=\"wp-block-image size-full\"><img decoding=\"async\" src=\"https:\/\/lab.qista.com\/wp-content\/uploads\/sites\/2\/2022\/04\/icon-q.png\" alt=\"\" class=\"wp-image-213\"\/><\/figure>\n<\/div>\n\n\n\n<div class=\"wp-block-column lab-expert-text is-layout-flow wp-block-column-is-layout-flow\">\n<p class=\"lab-expert-title\">Anlamina Chamssidine Combo<\/p>\n\n\n\n<p class=\"lead blue has-accent-color has-text-color\">Entomologist biologist specialising in parasitic and infectious diseases<\/p>\n\n\n\n<p>Anlamina Chamssidine Combo is responsible for Qista trap implementation and field studies, as well as associated diagnoses.<\/p>\n<\/div>\n<\/div>\n<\/div><\/div>\n\n<\/div><\/div><\/div>\n\n<div class=\"gb-grid-column gb-grid-column-39d35565\"><div class=\"gb-container gb-container-39d35565\"><div class=\"gb-inside-container\">\n\n<div class=\"wp-block-group block-no-padding\"><div class=\"wp-block-group__inner-container is-layout-flow wp-block-group-is-layout-flow\">\n<div class=\"wp-block-columns is-layout-flex wp-container-core-columns-is-layout-9d6595d7 wp-block-columns-is-layout-flex\">\n<div class=\"wp-block-column lab-expert-image is-layout-flow wp-block-column-is-layout-flow\">\n<figure class=\"wp-block-image size-full\"><img decoding=\"async\" src=\"https:\/\/lab.qista.com\/wp-content\/uploads\/sites\/2\/2022\/04\/icon-q.png\" alt=\"\" class=\"wp-image-213\"\/><\/figure>\n<\/div>\n\n\n\n<div class=\"wp-block-column lab-expert-text is-layout-flow wp-block-column-is-layout-flow\">\n<p class=\"lab-expert-title\">C\u00e9sar Barthes<\/p>\n\n\n\n<p class=\"lead blue has-accent-color has-text-color\">Co-Founder and Chairman<\/p>\n\n\n\n<p>C\u00e9sar is tasked with carrying out field studies for optimal implementation of QISTA traps.<\/p>\n<\/div>\n<\/div>\n<\/div><\/div>\n\n<\/div><\/div><\/div>\n<\/div>\n<\/div><\/div>\n\n<div class=\"gb-container gb-container-e2f7f393 bottom-color\"><div class=\"gb-inside-container\">\n<div class=\"gb-grid-wrapper gb-grid-wrapper-75508821\">\n<div class=\"gb-grid-column gb-grid-column-f8cde806\"><div class=\"gb-container gb-container-f8cde806\"><div class=\"gb-inside-container\"><\/div><\/div><\/div>\n\n<div class=\"gb-grid-column gb-grid-column-ce4232d5\"><div class=\"gb-container gb-container-ce4232d5\"><div class=\"gb-inside-container\"><\/div><\/div><\/div>\n\n<div class=\"gb-grid-column gb-grid-column-53903808\"><div class=\"gb-container gb-container-53903808\"><div class=\"gb-inside-container\"><\/div><\/div><\/div>\n\n<div class=\"gb-grid-column gb-grid-column-d2d2c80e\"><div class=\"gb-container gb-container-d2d2c80e\"><div class=\"gb-inside-container\"><\/div><\/div><\/div>\n<\/div>\n<\/div><\/div>","protected":false},"excerpt":{"rendered":"","protected":false},"author":1,"featured_media":0,"parent":0,"menu_order":0,"comment_status":"closed","ping_status":"closed","template":"","meta":{"inline_featured_image":false,"footnotes":""},"class_list":["post-1094","page","type-page","status-publish"],"yoast_head":"<!-- This site is optimized with the Yoast SEO plugin v25.3 - https:\/\/yoast.com\/wordpress\/plugins\/seo\/ -->\n<title>Research &amp; Technology - Qista Lab<\/title>\n<meta name=\"robots\" content=\"index, follow, max-snippet:-1, max-image-preview:large, max-video-preview:-1\" \/>\n<link rel=\"canonical\" href=\"https:\/\/lab.qista.com\/en\/research-and-technology\/\" \/>\n<meta property=\"og:locale\" content=\"en_US\" \/>\n<meta property=\"og:type\" content=\"article\" \/>\n<meta property=\"og:title\" content=\"Research &amp; Technology - Qista Lab\" \/>\n<meta property=\"og:url\" content=\"https:\/\/lab.qista.com\/en\/research-and-technology\/\" \/>\n<meta property=\"og:site_name\" content=\"Qista Lab\" \/>\n<meta property=\"article:modified_time\" content=\"2022-06-23T11:54:25+00:00\" \/>\n<meta property=\"og:image\" content=\"https:\/\/lab.qista.com\/wp-content\/uploads\/sites\/2\/2022\/04\/icons-technologies-embarquees.png\" \/>\n<meta name=\"twitter:card\" content=\"summary_large_image\" \/>\n<meta name=\"twitter:label1\" content=\"Est. reading time\" \/>\n\t<meta name=\"twitter:data1\" content=\"6 minutes\" \/>\n<script type=\"application\/ld+json\" class=\"yoast-schema-graph\">{\"@context\":\"https:\/\/schema.org\",\"@graph\":[{\"@type\":\"WebPage\",\"@id\":\"https:\/\/lab.qista.com\/en\/research-and-technology\/\",\"url\":\"https:\/\/lab.qista.com\/en\/research-and-technology\/\",\"name\":\"Research &amp; Technology - Qista Lab\",\"isPartOf\":{\"@id\":\"https:\/\/lab.qista.com\/#website\"},\"primaryImageOfPage\":{\"@id\":\"https:\/\/lab.qista.com\/en\/research-and-technology\/#primaryimage\"},\"image\":{\"@id\":\"https:\/\/lab.qista.com\/en\/research-and-technology\/#primaryimage\"},\"thumbnailUrl\":\"https:\/\/lab.qista.com\/wp-content\/uploads\/sites\/2\/2022\/04\/icons-technologies-embarquees.png\",\"datePublished\":\"2022-03-31T13:58:50+00:00\",\"dateModified\":\"2022-06-23T11:54:25+00:00\",\"breadcrumb\":{\"@id\":\"https:\/\/lab.qista.com\/en\/research-and-technology\/#breadcrumb\"},\"inLanguage\":\"en-US\",\"potentialAction\":[{\"@type\":\"ReadAction\",\"target\":[\"https:\/\/lab.qista.com\/en\/research-and-technology\/\"]}]},{\"@type\":\"ImageObject\",\"inLanguage\":\"en-US\",\"@id\":\"https:\/\/lab.qista.com\/en\/research-and-technology\/#primaryimage\",\"url\":\"https:\/\/lab.qista.com\/wp-content\/uploads\/sites\/2\/2022\/04\/icons-technologies-embarquees.png\",\"contentUrl\":\"https:\/\/lab.qista.com\/wp-content\/uploads\/sites\/2\/2022\/04\/icons-technologies-embarquees.png\"},{\"@type\":\"BreadcrumbList\",\"@id\":\"https:\/\/lab.qista.com\/en\/research-and-technology\/#breadcrumb\",\"itemListElement\":[{\"@type\":\"ListItem\",\"position\":1,\"name\":\"Accueil\",\"item\":\"https:\/\/lab.qista.com\/en\/\"},{\"@type\":\"ListItem\",\"position\":2,\"name\":\"Research &amp; Technology\"}]},{\"@type\":\"WebSite\",\"@id\":\"https:\/\/lab.qista.com\/#website\",\"url\":\"https:\/\/lab.qista.com\/\",\"name\":\"Qista Lab\",\"description\":\"\",\"potentialAction\":[{\"@type\":\"SearchAction\",\"target\":{\"@type\":\"EntryPoint\",\"urlTemplate\":\"https:\/\/lab.qista.com\/?s={search_term_string}\"},\"query-input\":{\"@type\":\"PropertyValueSpecification\",\"valueRequired\":true,\"valueName\":\"search_term_string\"}}],\"inLanguage\":\"en-US\"}]}<\/script>\n<!-- \/ Yoast SEO plugin. -->","yoast_head_json":{"title":"Research &amp; Technology - Qista Lab","robots":{"index":"index","follow":"follow","max-snippet":"max-snippet:-1","max-image-preview":"max-image-preview:large","max-video-preview":"max-video-preview:-1"},"canonical":"https:\/\/lab.qista.com\/en\/research-and-technology\/","og_locale":"en_US","og_type":"article","og_title":"Research &amp; Technology - Qista Lab","og_url":"https:\/\/lab.qista.com\/en\/research-and-technology\/","og_site_name":"Qista Lab","article_modified_time":"2022-06-23T11:54:25+00:00","og_image":[{"url":"https:\/\/lab.qista.com\/wp-content\/uploads\/sites\/2\/2022\/04\/icons-technologies-embarquees.png","type":"","width":"","height":""}],"twitter_card":"summary_large_image","twitter_misc":{"Est. reading time":"6 minutes"},"schema":{"@context":"https:\/\/schema.org","@graph":[{"@type":"WebPage","@id":"https:\/\/lab.qista.com\/en\/research-and-technology\/","url":"https:\/\/lab.qista.com\/en\/research-and-technology\/","name":"Research &amp; Technology - Qista Lab","isPartOf":{"@id":"https:\/\/lab.qista.com\/#website"},"primaryImageOfPage":{"@id":"https:\/\/lab.qista.com\/en\/research-and-technology\/#primaryimage"},"image":{"@id":"https:\/\/lab.qista.com\/en\/research-and-technology\/#primaryimage"},"thumbnailUrl":"https:\/\/lab.qista.com\/wp-content\/uploads\/sites\/2\/2022\/04\/icons-technologies-embarquees.png","datePublished":"2022-03-31T13:58:50+00:00","dateModified":"2022-06-23T11:54:25+00:00","breadcrumb":{"@id":"https:\/\/lab.qista.com\/en\/research-and-technology\/#breadcrumb"},"inLanguage":"en-US","potentialAction":[{"@type":"ReadAction","target":["https:\/\/lab.qista.com\/en\/research-and-technology\/"]}]},{"@type":"ImageObject","inLanguage":"en-US","@id":"https:\/\/lab.qista.com\/en\/research-and-technology\/#primaryimage","url":"https:\/\/lab.qista.com\/wp-content\/uploads\/sites\/2\/2022\/04\/icons-technologies-embarquees.png","contentUrl":"https:\/\/lab.qista.com\/wp-content\/uploads\/sites\/2\/2022\/04\/icons-technologies-embarquees.png"},{"@type":"BreadcrumbList","@id":"https:\/\/lab.qista.com\/en\/research-and-technology\/#breadcrumb","itemListElement":[{"@type":"ListItem","position":1,"name":"Accueil","item":"https:\/\/lab.qista.com\/en\/"},{"@type":"ListItem","position":2,"name":"Research &amp; Technology"}]},{"@type":"WebSite","@id":"https:\/\/lab.qista.com\/#website","url":"https:\/\/lab.qista.com\/","name":"Qista Lab","description":"","potentialAction":[{"@type":"SearchAction","target":{"@type":"EntryPoint","urlTemplate":"https:\/\/lab.qista.com\/?s={search_term_string}"},"query-input":{"@type":"PropertyValueSpecification","valueRequired":true,"valueName":"search_term_string"}}],"inLanguage":"en-US"}]}},"acf":[],"_links":{"self":[{"href":"https:\/\/lab.qista.com\/en\/wp-json\/wp\/v2\/pages\/1094","targetHints":{"allow":["GET"]}}],"collection":[{"href":"https:\/\/lab.qista.com\/en\/wp-json\/wp\/v2\/pages"}],"about":[{"href":"https:\/\/lab.qista.com\/en\/wp-json\/wp\/v2\/types\/page"}],"author":[{"embeddable":true,"href":"https:\/\/lab.qista.com\/en\/wp-json\/wp\/v2\/users\/1"}],"replies":[{"embeddable":true,"href":"https:\/\/lab.qista.com\/en\/wp-json\/wp\/v2\/comments?post=1094"}],"version-history":[{"count":26,"href":"https:\/\/lab.qista.com\/en\/wp-json\/wp\/v2\/pages\/1094\/revisions"}],"predecessor-version":[{"id":1721,"href":"https:\/\/lab.qista.com\/en\/wp-json\/wp\/v2\/pages\/1094\/revisions\/1721"}],"wp:attachment":[{"href":"https:\/\/lab.qista.com\/en\/wp-json\/wp\/v2\/media?parent=1094"}],"curies":[{"name":"wp","href":"https:\/\/api.w.org\/{rel}","templated":true}]}}