{"id":1090,"date":"2022-03-24T17:02:20","date_gmt":"2022-03-24T16:02:20","guid":{"rendered":"https:\/\/qista.com\/lab\/home-page\/"},"modified":"2022-06-23T13:45:23","modified_gmt":"2022-06-23T11:45:23","slug":"home-page","status":"publish","type":"page","link":"https:\/\/lab.qista.com\/en\/","title":{"rendered":"Home page"},"content":{"rendered":"<div class=\"gb-container gb-container-d01bcd27 with-bg-cover with-skew\"><div class=\"gb-inside-container\">\n<div class=\"gb-grid-wrapper gb-grid-wrapper-337abc3c\">\n<div class=\"gb-grid-column gb-grid-column-ae167ae9\"><div class=\"gb-container gb-container-ae167ae9 skewed\"><div class=\"gb-inside-container\">\n\n<div class=\"wp-block-group\"><div class=\"wp-block-group__inner-container is-layout-flow wp-block-group-is-layout-flow\">\n<h1 class=\"wp-block-heading\">Qista Lab<\/h1>\n\n\n\n<h2 class=\"wp-block-heading\">All the expertise of Qista on the issue of mosquitoes and vector control in France and internationally.<\/h2>\n\n\n\n<p>Grace \u00e0 sa<strong> technologique brevet\u00e9e<\/strong> et ses<strong> \u00e9tudes \u00e0 grande \u00e9chelle<\/strong>, Qista am\u00e8ne <strong>une r\u00e9ponse concr\u00e8te aux enjeux sanitaires li\u00e9s au moustique dans le monde entier.<\/strong> La borne Qista assure une <strong>capture massive des moustiques<\/strong> visant \u00e0 son \u00e9limination dans les zones \u00e9quip\u00e9es. Qista technology is also a real tool for <strong>monitoring and preventing<\/strong>the spread of disease thanks to the data collected by the installed traps. Research and development of new solutions to fight against the spread of disease are complemented by our teams\u2019 experience. Qista is rich in expertise and people skills. Research and development of new solutions to fight against the spread of disease are complemented by our teams\u2019 experience. Qista is rich in expertise and people skills.<\/p>\n<\/div><\/div>\n\n<\/div><\/div><\/div>\n<\/div>\n<\/div><\/div>\n\n<div class=\"gb-container gb-container-6b39cd02 before-merge-container block-large-padding\"><div class=\"gb-inside-container\">\n<div class=\"gb-grid-wrapper gb-grid-wrapper-7ec7ca9e\">\n<div class=\"gb-grid-column gb-grid-column-0afbf841\"><div class=\"gb-container gb-container-0afbf841\"><div class=\"gb-inside-container\">\n\n<div class=\"wp-block-group\"><div class=\"wp-block-group__inner-container is-layout-flow wp-block-group-is-layout-flow\">\n<h2 class=\"has-text-align-center wp-block-heading\" style=\"text-transform:uppercase\">One of a kind worldwide<\/h2>\n\n\n\n<p class=\"has-text-align-center\">By approaching preventive healthcare through big data, going forward Qista is able to carry out predictive analysis of the proliferation of mosquitoes and the spread of vector-borne diseases.<\/p>\n<\/div><\/div>\n\n<\/div><\/div><\/div>\n<\/div>\n<\/div><\/div>\n\n<div class=\"gb-container gb-container-ae41929f merged with-shadow\"><div class=\"gb-inside-container\">\n<div class=\"gb-grid-wrapper gb-grid-wrapper-9e22e5a1\">\n<div class=\"gb-grid-column gb-grid-column-6023ed33\"><div class=\"gb-container gb-container-6023ed33 with-filled-img\"><div class=\"gb-inside-container\">\n\n<div class=\"wp-block-group\"><div class=\"wp-block-group__inner-container is-layout-flow wp-block-group-is-layout-flow\">\n<figure class=\"wp-block-image size-large\"><img decoding=\"async\" src=\"https:\/\/lab.qista.com\/wp-content\/uploads\/sites\/2\/2022\/04\/cartographie-photo.jpg\" alt=\"\"\/><\/figure>\n<\/div><\/div>\n\n<\/div><\/div><\/div>\n\n<div class=\"gb-grid-column gb-grid-column-bed9159a\"><div class=\"gb-container gb-container-bed9159a with-text\"><div class=\"gb-inside-container\">\n\n<div class=\"wp-block-group with-centred-txt\"><div class=\"wp-block-group__inner-container is-layout-flow wp-block-group-is-layout-flow\">\n<p class=\"block-title\">The installation of Qista traps serves 2 different but complementary objectives:<\/p>\n\n\n\n<p class=\"lead has-text-color\" style=\"color:#1771bf\">1.Mosquito control<\/p>\n\n\n\n<p>Implement <strong>a large scale treatment programme<\/strong> to reduce the bite rate in infested areas and put in place monitoring follow-up.<\/p>\n\n\n\n<p class=\"lead has-text-color\" style=\"color:#1771bf\">2.Prevention and prediction<\/p>\n\n\n\n<p>Carry out <strong>a situational analysis of the presence of mosquitoes and vector-borne diseases<\/strong>over a given geographical area to collect information and obtain accurate predictions to better anticipate and trigger preventive measures at the appropriate time.<\/p>\n<\/div><\/div>\n\n<\/div><\/div><\/div>\n<\/div>\n<\/div><\/div>\n\n<div class=\"gb-container gb-container-462db6df block-large-padding block-icon-text\"><div class=\"gb-inside-container\">\n<div class=\"gb-grid-wrapper gb-grid-wrapper-12d3ba55\">\n<div class=\"gb-grid-column gb-grid-column-ca86df1f\"><div class=\"gb-container gb-container-ca86df1f\"><div class=\"gb-inside-container\">\n\n<div class=\"wp-block-group\"><div class=\"wp-block-group__inner-container is-layout-flow wp-block-group-is-layout-flow\">\n<div class=\"wp-block-image\"><figure class=\"aligncenter size-large\"><img decoding=\"async\" src=\"https:\/\/lab.qista.com\/wp-content\/uploads\/sites\/2\/2022\/04\/icon-analyse-statistique.png\" alt=\"\"\/><\/figure><\/div>\n\n\n\n<h3 class=\"has-text-align-center wp-block-heading\">Statistical Analyses<\/h3>\n<\/div><\/div>\n\n<\/div><\/div><\/div>\n\n<div class=\"gb-grid-column gb-grid-column-0de660a9\"><div class=\"gb-container gb-container-0de660a9\"><div class=\"gb-inside-container\">\n\n<div class=\"wp-block-group\"><div class=\"wp-block-group__inner-container is-layout-flow wp-block-group-is-layout-flow\">\n<div class=\"wp-block-image\"><figure class=\"aligncenter size-large\"><img decoding=\"async\" src=\"https:\/\/lab.qista.com\/wp-content\/uploads\/sites\/2\/2022\/04\/icon-geolocalisation.png\" alt=\"\"\/><\/figure><\/div>\n\n\n\n<h3 class=\"has-text-align-center wp-block-heading\">Geo-tracking<\/h3>\n<\/div><\/div>\n\n<\/div><\/div><\/div>\n\n<div class=\"gb-grid-column gb-grid-column-a1d71505\"><div class=\"gb-container gb-container-a1d71505\"><div class=\"gb-inside-container\">\n\n<div class=\"wp-block-group\"><div class=\"wp-block-group__inner-container is-layout-flow wp-block-group-is-layout-flow\">\n<div class=\"wp-block-image\"><figure class=\"aligncenter size-large\"><img decoding=\"async\" src=\"https:\/\/lab.qista.com\/wp-content\/uploads\/sites\/2\/2022\/04\/icon-controle-distance.png\" alt=\"\"\/><\/figure><\/div>\n\n\n\n<h3 class=\"has-text-align-center wp-block-heading\">Remote Control<\/h3>\n<\/div><\/div>\n\n<\/div><\/div><\/div>\n\n<div class=\"gb-grid-column gb-grid-column-381d814c\"><div class=\"gb-container gb-container-381d814c\"><div class=\"gb-inside-container\">\n\n<div class=\"wp-block-group\"><div class=\"wp-block-group__inner-container is-layout-flow wp-block-group-is-layout-flow\">\n<div class=\"wp-block-image\"><figure class=\"aligncenter size-large\"><img decoding=\"async\" src=\"https:\/\/lab.qista.com\/wp-content\/uploads\/sites\/2\/2022\/04\/icon-capteurs-environnementaux.png\" alt=\"\"\/><\/figure><\/div>\n\n\n\n<h3 class=\"has-text-align-center wp-block-heading\">Environmental Sensors<\/h3>\n<\/div><\/div>\n\n<\/div><\/div><\/div>\n<\/div>\n<\/div><\/div>\n\n<div class=\"gb-container gb-container-25a3ba27 block-large-padding\"><div class=\"gb-inside-container\">\n<div class=\"gb-grid-wrapper gb-grid-wrapper-64cf6954\">\n<div class=\"gb-grid-column gb-grid-column-cd0d439e\"><div class=\"gb-container gb-container-cd0d439e\"><div class=\"gb-inside-container\">\n\n<div class=\"wp-block-group\"><div class=\"wp-block-group__inner-container is-layout-flow wp-block-group-is-layout-flow\">\n<p class=\"has-text-align-center\">Already installed in big cities in mainland France and overseas, the Qista solution is also an actor in the fight against mosquitoes in the most impacted regions worldwide (Senegal, C\u00f4te d\u2019Ivoire, Reunion Island). Through alliances with different States and institutions, Qista generates interest from large organisations active in vector control in areas highly impacted by mosquito-related diseases. Gr\u00e2ce aux collaborations avec diff\u00e9rents \u00e9tats et institutions, Qista suscite l\u2019int\u00e9r\u00eat de grands organismes de la lutte antivectorielle dans les zones fortement touch\u00e9es par les maladies li\u00e9es au moustique.<\/p>\n\n\n\n<div class=\"wp-block-group group-button block-no-padding\"><div class=\"wp-block-group__inner-container is-layout-flow wp-block-group-is-layout-flow\"><div class=\"gb-button-wrapper gb-button-wrapper-b660f841\">\n\n<a class=\"gb-button gb-button-3405c857 gb-button-text with-arrow\" href=\"https:\/\/qista.com\/en\/concept\">Discover our mosquito repellent solutions<\/a>\n\n<\/div><\/div><\/div>\n<\/div><\/div>\n\n<\/div><\/div><\/div>\n<\/div>\n<\/div><\/div>\n\n<div class=\"gb-container gb-container-e2f7f393 bottom-color\"><div class=\"gb-inside-container\">\n<div class=\"gb-grid-wrapper gb-grid-wrapper-75508821\">\n<div class=\"gb-grid-column gb-grid-column-f8cde806\"><div class=\"gb-container gb-container-f8cde806\"><div class=\"gb-inside-container\"><\/div><\/div><\/div>\n\n<div class=\"gb-grid-column gb-grid-column-ce4232d5\"><div class=\"gb-container gb-container-ce4232d5\"><div class=\"gb-inside-container\"><\/div><\/div><\/div>\n\n<div class=\"gb-grid-column gb-grid-column-53903808\"><div class=\"gb-container gb-container-53903808\"><div class=\"gb-inside-container\"><\/div><\/div><\/div>\n\n<div class=\"gb-grid-column gb-grid-column-d2d2c80e\"><div class=\"gb-container gb-container-d2d2c80e\"><div class=\"gb-inside-container\"><\/div><\/div><\/div>\n<\/div>\n<\/div><\/div>","protected":false},"excerpt":{"rendered":"","protected":false},"author":1,"featured_media":0,"parent":0,"menu_order":2,"comment_status":"closed","ping_status":"closed","template":"","meta":{"inline_featured_image":false,"footnotes":""},"class_list":["post-1090","page","type-page","status-publish"],"yoast_head":"<!-- This site is optimized with the Yoast SEO plugin v25.3 - https:\/\/yoast.com\/wordpress\/plugins\/seo\/ -->\n<title>Home page - Qista Lab<\/title>\n<meta name=\"robots\" content=\"index, follow, max-snippet:-1, max-image-preview:large, max-video-preview:-1\" \/>\n<link rel=\"canonical\" href=\"https:\/\/lab.qista.com\/en\/\" \/>\n<meta property=\"og:locale\" content=\"en_US\" \/>\n<meta property=\"og:type\" content=\"article\" \/>\n<meta property=\"og:title\" content=\"Home page - Qista Lab\" \/>\n<meta property=\"og:url\" content=\"https:\/\/lab.qista.com\/en\/\" \/>\n<meta property=\"og:site_name\" content=\"Qista Lab\" \/>\n<meta property=\"article:modified_time\" content=\"2022-06-23T11:45:23+00:00\" \/>\n<meta property=\"og:image\" content=\"https:\/\/lab.qista.com\/wp-content\/uploads\/sites\/2\/2022\/04\/cartographie-photo.jpg\" \/>\n<meta name=\"twitter:card\" content=\"summary_large_image\" \/>\n<meta name=\"twitter:label1\" content=\"Est. reading time\" \/>\n\t<meta name=\"twitter:data1\" content=\"3 minutes\" \/>\n<script type=\"application\/ld+json\" class=\"yoast-schema-graph\">{\"@context\":\"https:\/\/schema.org\",\"@graph\":[{\"@type\":\"WebPage\",\"@id\":\"https:\/\/lab.qista.com\/en\/\",\"url\":\"https:\/\/lab.qista.com\/en\/\",\"name\":\"Home page - Qista Lab\",\"isPartOf\":{\"@id\":\"https:\/\/lab.qista.com\/#website\"},\"primaryImageOfPage\":{\"@id\":\"https:\/\/lab.qista.com\/en\/#primaryimage\"},\"image\":{\"@id\":\"https:\/\/lab.qista.com\/en\/#primaryimage\"},\"thumbnailUrl\":\"https:\/\/lab.qista.com\/wp-content\/uploads\/sites\/2\/2022\/04\/cartographie-photo.jpg\",\"datePublished\":\"2022-03-24T16:02:20+00:00\",\"dateModified\":\"2022-06-23T11:45:23+00:00\",\"breadcrumb\":{\"@id\":\"https:\/\/lab.qista.com\/en\/#breadcrumb\"},\"inLanguage\":\"en-US\",\"potentialAction\":[{\"@type\":\"ReadAction\",\"target\":[\"https:\/\/lab.qista.com\/en\/\"]}]},{\"@type\":\"ImageObject\",\"inLanguage\":\"en-US\",\"@id\":\"https:\/\/lab.qista.com\/en\/#primaryimage\",\"url\":\"https:\/\/lab.qista.com\/wp-content\/uploads\/sites\/2\/2022\/04\/cartographie-photo.jpg\",\"contentUrl\":\"https:\/\/lab.qista.com\/wp-content\/uploads\/sites\/2\/2022\/04\/cartographie-photo.jpg\"},{\"@type\":\"BreadcrumbList\",\"@id\":\"https:\/\/lab.qista.com\/en\/#breadcrumb\",\"itemListElement\":[{\"@type\":\"ListItem\",\"position\":1,\"name\":\"Accueil\",\"item\":\"https:\/\/lab.qista.com\/en\/\"},{\"@type\":\"ListItem\",\"position\":2,\"name\":\"Home page\"}]},{\"@type\":\"WebSite\",\"@id\":\"https:\/\/lab.qista.com\/#website\",\"url\":\"https:\/\/lab.qista.com\/\",\"name\":\"Qista Lab\",\"description\":\"\",\"potentialAction\":[{\"@type\":\"SearchAction\",\"target\":{\"@type\":\"EntryPoint\",\"urlTemplate\":\"https:\/\/lab.qista.com\/?s={search_term_string}\"},\"query-input\":{\"@type\":\"PropertyValueSpecification\",\"valueRequired\":true,\"valueName\":\"search_term_string\"}}],\"inLanguage\":\"en-US\"}]}<\/script>\n<!-- \/ Yoast SEO plugin. -->","yoast_head_json":{"title":"Home page - Qista Lab","robots":{"index":"index","follow":"follow","max-snippet":"max-snippet:-1","max-image-preview":"max-image-preview:large","max-video-preview":"max-video-preview:-1"},"canonical":"https:\/\/lab.qista.com\/en\/","og_locale":"en_US","og_type":"article","og_title":"Home page - Qista Lab","og_url":"https:\/\/lab.qista.com\/en\/","og_site_name":"Qista Lab","article_modified_time":"2022-06-23T11:45:23+00:00","og_image":[{"url":"https:\/\/lab.qista.com\/wp-content\/uploads\/sites\/2\/2022\/04\/cartographie-photo.jpg","type":"","width":"","height":""}],"twitter_card":"summary_large_image","twitter_misc":{"Est. reading time":"3 minutes"},"schema":{"@context":"https:\/\/schema.org","@graph":[{"@type":"WebPage","@id":"https:\/\/lab.qista.com\/en\/","url":"https:\/\/lab.qista.com\/en\/","name":"Home page - Qista Lab","isPartOf":{"@id":"https:\/\/lab.qista.com\/#website"},"primaryImageOfPage":{"@id":"https:\/\/lab.qista.com\/en\/#primaryimage"},"image":{"@id":"https:\/\/lab.qista.com\/en\/#primaryimage"},"thumbnailUrl":"https:\/\/lab.qista.com\/wp-content\/uploads\/sites\/2\/2022\/04\/cartographie-photo.jpg","datePublished":"2022-03-24T16:02:20+00:00","dateModified":"2022-06-23T11:45:23+00:00","breadcrumb":{"@id":"https:\/\/lab.qista.com\/en\/#breadcrumb"},"inLanguage":"en-US","potentialAction":[{"@type":"ReadAction","target":["https:\/\/lab.qista.com\/en\/"]}]},{"@type":"ImageObject","inLanguage":"en-US","@id":"https:\/\/lab.qista.com\/en\/#primaryimage","url":"https:\/\/lab.qista.com\/wp-content\/uploads\/sites\/2\/2022\/04\/cartographie-photo.jpg","contentUrl":"https:\/\/lab.qista.com\/wp-content\/uploads\/sites\/2\/2022\/04\/cartographie-photo.jpg"},{"@type":"BreadcrumbList","@id":"https:\/\/lab.qista.com\/en\/#breadcrumb","itemListElement":[{"@type":"ListItem","position":1,"name":"Accueil","item":"https:\/\/lab.qista.com\/en\/"},{"@type":"ListItem","position":2,"name":"Home page"}]},{"@type":"WebSite","@id":"https:\/\/lab.qista.com\/#website","url":"https:\/\/lab.qista.com\/","name":"Qista Lab","description":"","potentialAction":[{"@type":"SearchAction","target":{"@type":"EntryPoint","urlTemplate":"https:\/\/lab.qista.com\/?s={search_term_string}"},"query-input":{"@type":"PropertyValueSpecification","valueRequired":true,"valueName":"search_term_string"}}],"inLanguage":"en-US"}]}},"acf":[],"_links":{"self":[{"href":"https:\/\/lab.qista.com\/en\/wp-json\/wp\/v2\/pages\/1090","targetHints":{"allow":["GET"]}}],"collection":[{"href":"https:\/\/lab.qista.com\/en\/wp-json\/wp\/v2\/pages"}],"about":[{"href":"https:\/\/lab.qista.com\/en\/wp-json\/wp\/v2\/types\/page"}],"author":[{"embeddable":true,"href":"https:\/\/lab.qista.com\/en\/wp-json\/wp\/v2\/users\/1"}],"replies":[{"embeddable":true,"href":"https:\/\/lab.qista.com\/en\/wp-json\/wp\/v2\/comments?post=1090"}],"version-history":[{"count":27,"href":"https:\/\/lab.qista.com\/en\/wp-json\/wp\/v2\/pages\/1090\/revisions"}],"predecessor-version":[{"id":1709,"href":"https:\/\/lab.qista.com\/en\/wp-json\/wp\/v2\/pages\/1090\/revisions\/1709"}],"wp:attachment":[{"href":"https:\/\/lab.qista.com\/en\/wp-json\/wp\/v2\/media?parent=1090"}],"curies":[{"name":"wp","href":"https:\/\/api.w.org\/{rel}","templated":true}]}}